{"id":2918,"date":"2023-09-06T21:10:23","date_gmt":"2023-09-07T03:10:23","guid":{"rendered":"https:\/\/danydynamo.com\/?page_id=2918"},"modified":"2024-03-06T22:16:03","modified_gmt":"2024-03-07T04:16:03","slug":"servicios","status":"publish","type":"page","link":"https:\/\/danydynamo.com\/index.php\/servicios\/","title":{"rendered":"Servicios"},"content":{"rendered":"\n<div class=\"wp-block-group alignwide has-background is-layout-constrained wp-container-5 wp-block-group-is-layout-constrained\" style=\"background-color:#2c416f;min-height:0px;margin-top:0;margin-bottom:0;padding-top:0;padding-bottom:0\">\n<div class=\"wp-block-group has-ast-global-color-0-background-color has-background is-layout-constrained wp-container-4 wp-block-group-is-layout-constrained\" style=\"min-height:0px;margin-top:0;margin-bottom:0;padding-top:var(--wp--preset--spacing--80)\">\n<div class=\"wp-block-columns is-layout-flex wp-container-2 wp-block-columns-is-layout-flex\">\n<div class=\"wp-block-column is-layout-flow wp-block-column-is-layout-flow\">\n<div class=\"wp-block-uagb-advanced-heading uagb-block-0a66b049\"><h2 class=\"uagb-heading-text\"><strong>Despega tu marca<\/strong><br>a trav\u00e9s de ilustraciones <br>y animaciones potentes<\/h2><\/div>\n<\/div>\n<\/div>\n\n\n\n<div class=\"wp-block-cover alignfull is-light has-custom-content-position is-position-top-center\" style=\"margin-top:var(--wp--preset--spacing--80);padding-top:var(--wp--preset--spacing--80);padding-bottom:0;min-height:872px\"><span aria-hidden=\"true\" class=\"wp-block-cover__background has-background-dim-0 has-background-dim\"><\/span><video class=\"wp-block-cover__video-background intrinsic-ignore\" autoplay muted loop playsinline src=\"https:\/\/danydynamo.com\/wp-content\/uploads\/2023\/11\/06.Video-Logo-2-1.m4v\" data-object-fit=\"cover\"><\/video><div class=\"wp-block-cover__inner-container is-layout-constrained wp-block-cover-is-layout-constrained\">\n<h3 class=\"wp-block-heading alignfull has-text-align-center\" style=\"font-size:0px;font-style:normal;font-weight:300;line-height:1.4\">Llevamos<strong> <\/strong><br><strong>las herramientas<\/strong><br>listas para el despegue<\/h3>\n<\/div><\/div>\n<\/div>\n<\/div>\n\n\n\n<div class=\"wp-block-group alignfull has-background is-layout-constrained wp-container-7 wp-block-group-is-layout-constrained\" style=\"background-color:#dedcd5;margin-top:0;margin-bottom:0;padding-top:var(--wp--preset--spacing--80);padding-bottom:var(--wp--preset--spacing--80)\">\n<div class=\"wp-block-group has-background is-layout-constrained wp-block-group-is-layout-constrained\" style=\"background-color:#dedcd5\">\n<div class=\"wp-block-uagb-info-box uagb-block-43b2d5fa uagb-infobox__content-wrap  uagb-infobox-icon-above-title uagb-infobox-image-valign-top\"><div class=\"uagb-ifb-content\"><div class=\"uagb-ifb-title-wrap\"><h3 class=\"uagb-ifb-title\"><strong>Energ\u00eda transformada<\/strong><br>en conceptos creativos<\/h3><\/div><p class=\"uagb-ifb-desc\">Realizar una ilustraci\u00f3n implica investigar, analizar un contexto, trasmitir un tono de voz, la exploraci\u00f3n se vuelve parte esencial de este proceso.<\/p><\/div><\/div>\n\n\n\n<div class=\"wp-block-uagb-image alignwide uagb-block-7d6f79f6 wp-block-uagb-image--layout-default wp-block-uagb-image--effect-static wp-block-uagb-image--align-wide\"><figure class=\"wp-block-uagb-image__figure\"><img decoding=\"async\" srcset=\"https:\/\/danydynamo.com\/wp-content\/uploads\/2023\/11\/dynamo_generador_04-2-scaled.jpg ,https:\/\/danydynamo.com\/wp-content\/uploads\/2023\/11\/dynamo_generador_04-2-884x1024.jpg 780w, https:\/\/danydynamo.com\/wp-content\/uploads\/2023\/11\/dynamo_generador_04-2-884x1024.jpg 360w\" sizes=\"(max-width: 480px) 150px\" src=\"https:\/\/danydynamo.com\/wp-content\/uploads\/2023\/11\/dynamo_generador_04-2-scaled.jpg\" alt=\"\" class=\"uag-image-4192\" width=\"2211\" height=\"2560\" title=\"\" loading=\"lazy\"\/><\/figure><\/div>\n<\/div>\n<\/div>\n\n\n\n<div class=\"wp-block-group has-background is-layout-constrained wp-block-group-is-layout-constrained\" style=\"background-color:#f07045;margin-top:0;margin-bottom:0;padding-bottom:var(--wp--preset--spacing--80)\">\n<div class=\"wp-block-columns is-layout-flex wp-container-9 wp-block-columns-is-layout-flex\">\n<div class=\"wp-block-column is-vertically-aligned-center is-layout-flow wp-block-column-is-layout-flow\" style=\"flex-basis:100%\">\n<div class=\"wp-block-uagb-info-box uagb-block-72889cba uagb-infobox__content-wrap  uagb-infobox-icon-above-title uagb-infobox-image-valign-top\"><div class=\"uagb-ifb-content\"><div class=\"uagb-ifb-title-wrap\"><h3 class=\"uagb-ifb-title\"><strong>Uso de las<\/strong> <strong>herramientas <br><\/strong>indicadas para el proyecto<\/h3><\/div><p class=\"uagb-ifb-desc\">El ilustrador debe decidir los recursos y herramientas correctas para representar de manera eficaz el mensaje.<\/p><\/div><\/div>\n<\/div>\n<\/div>\n\n\n\n<div class=\"wp-block-uagb-container uagb-block-b02525dc alignfull uagb-is-root-container\"><div class=\"uagb-container-inner-blocks-wrap\">\n<div class=\"wp-block-columns is-layout-flex wp-container-13 wp-block-columns-is-layout-flex\" style=\"padding-right:0;padding-left:0\">\n<div class=\"wp-block-column is-layout-flow wp-block-column-is-layout-flow\">\n<div data-aos= \"fade\" data-aos-duration=\"400\" data-aos-delay=\"0\" data-aos-easing=\"ease\" data-aos-once=\"true\" class=\"wp-block-uagb-info-box uagb-block-fcbb68cc uagb-infobox__content-wrap  uagb-infobox-icon-above-title uagb-infobox-image-valign-top\"><div class=\"uagb-ifb-content\"><div class=\"uagb-ifb-image-content\"><img decoding=\"async\" src=\"http:\/\/danydynamo.com\/wp-content\/uploads\/2024\/03\/icono-astronauta-web.gif\" alt=\"\" width=\"100\" height=\"100\" loading=\"lazy\"\/><\/div><div class=\"uagb-ifb-title-wrap\"><h3 class=\"uagb-ifb-title\">Creaci\u00f3n<br>de personajes<br>ilustrados en 2D\/3D<\/h3><\/div><p class=\"uagb-ifb-desc\">Creaci\u00f3n de personajes <br>con estilo y car\u00e1cter propio <br>que den vida a una historia <br>que conecte con tu proyecto.<\/p><\/div><\/div>\n<\/div>\n\n\n\n<div class=\"wp-block-column is-layout-flow wp-block-column-is-layout-flow\">\n<div data-aos= \"fade\" data-aos-duration=\"400\" data-aos-delay=\"0\" data-aos-easing=\"ease\" data-aos-once=\"true\" class=\"wp-block-uagb-info-box uagb-block-31d24241 uagb-infobox__content-wrap  uagb-infobox-icon-above-title uagb-infobox-image-valign-top\"><div class=\"uagb-ifb-content\"><div class=\"uagb-ifb-image-content\"><img decoding=\"async\" src=\"http:\/\/danydynamo.com\/wp-content\/uploads\/2024\/03\/icono-rayo.gif\" alt=\"\" width=\"100\" height=\"100\" loading=\"lazy\"\/><\/div><div class=\"uagb-ifb-title-wrap\"><h3 class=\"uagb-ifb-title\">Gr\u00e1ficos animados<br>para publicidad <br>y contenido<\/h3><\/div><p class=\"uagb-ifb-desc\">La animaci\u00f3n de gr\u00e1ficos <br>se convierte en una de las <br>herramientas m\u00e1s potentes <br>para trasmitir tu mensaje.<\/p><\/div><\/div>\n<\/div>\n\n\n\n<div class=\"wp-block-column is-layout-flow wp-block-column-is-layout-flow\">\n<div data-aos= \"fade\" data-aos-duration=\"400\" data-aos-delay=\"0\" data-aos-easing=\"ease\" data-aos-once=\"true\" class=\"wp-block-uagb-info-box uagb-block-a5e5fb6f uagb-infobox__content-wrap  uagb-infobox-icon-above-title uagb-infobox-image-valign-top\"><div class=\"uagb-ifb-content\"><div class=\"uagb-ifb-image-content\"><img decoding=\"async\" src=\"http:\/\/danydynamo.com\/wp-content\/uploads\/2024\/03\/icono-3d.gif\" alt=\"\" width=\"100\" height=\"100\" loading=\"lazy\"\/><\/div><div class=\"uagb-ifb-title-wrap\"><h3 class=\"uagb-ifb-title\">Representaci\u00f3n <br>visual de producto<br>en 3D<\/h3><\/div><p class=\"uagb-ifb-desc\">A trav\u00e9s de herramientas 3D <br>se puede representar un <br>producto de manera realista <br>y de gran impacto visual.<\/p><\/div><\/div>\n<\/div>\n<\/div>\n<\/div><\/div>\n\n\n\n<div class=\"wp-block-columns is-layout-flex wp-container-17 wp-block-columns-is-layout-flex\">\n<div class=\"wp-block-column is-layout-flow wp-block-column-is-layout-flow\">\n<div class=\"wp-block-columns is-layout-flex wp-container-15 wp-block-columns-is-layout-flex\">\n<div class=\"wp-block-column is-layout-flow wp-block-column-is-layout-flow\"><\/div>\n<\/div>\n<\/div>\n<\/div>\n<\/div>\n\n\n\n<div class=\"wp-block-group has-ast-global-color-0-background-color has-background is-layout-constrained wp-container-20 wp-block-group-is-layout-constrained\" style=\"min-height:0px;margin-top:0;margin-bottom:0;padding-top:var(--wp--preset--spacing--80)\">\n<div class=\"wp-block-cover alignfull has-custom-content-position is-position-top-center\" style=\"margin-top:var(--wp--preset--spacing--80);padding-top:var(--wp--preset--spacing--80);padding-bottom:0;min-height:1033px\"><span aria-hidden=\"true\" class=\"wp-block-cover__background has-background-dim-0 has-background-dim\"><\/span><img decoding=\"async\" loading=\"lazy\" width=\"1979\" height=\"1800\" class=\"wp-block-cover__image-background wp-image-4264\" alt=\"\" src=\"https:\/\/danydynamo.com\/wp-content\/uploads\/2023\/11\/02.Dynamo_energia_computadora_v5-2.jpg\" data-object-fit=\"cover\" srcset=\"https:\/\/danydynamo.com\/wp-content\/uploads\/2023\/11\/02.Dynamo_energia_computadora_v5-2.jpg 1979w, https:\/\/danydynamo.com\/wp-content\/uploads\/2023\/11\/02.Dynamo_energia_computadora_v5-2-300x273.jpg 300w, https:\/\/danydynamo.com\/wp-content\/uploads\/2023\/11\/02.Dynamo_energia_computadora_v5-2-1024x931.jpg 1024w, https:\/\/danydynamo.com\/wp-content\/uploads\/2023\/11\/02.Dynamo_energia_computadora_v5-2-768x699.jpg 768w, https:\/\/danydynamo.com\/wp-content\/uploads\/2023\/11\/02.Dynamo_energia_computadora_v5-2-1536x1397.jpg 1536w\" sizes=\"(max-width: 1979px) 100vw, 1979px\" \/><div class=\"wp-block-cover__inner-container is-layout-constrained wp-block-cover-is-layout-constrained\">\n<h3 class=\"wp-block-heading alignfull has-text-align-center\" style=\"font-size:28px;font-style:normal;font-weight:300;line-height:1.4\"><strong>Un Dynamo que genera<\/strong> <br><strong>Ilustraci\u00f3nes<\/strong> <br>para campa\u00f1as exitosas<\/h3>\n<\/div><\/div>\n<\/div>\n","protected":false},"excerpt":{"rendered":"<p>Despega tu marcaa trav\u00e9s de ilustraciones y animaciones potentes<\/p>\n","protected":false},"author":1,"featured_media":0,"parent":0,"menu_order":0,"comment_status":"closed","ping_status":"closed","template":"","meta":{"_uag_custom_page_level_css":"","site-sidebar-layout":"default","site-content-layout":"page-builder","ast-site-content-layout":"full-width-container","site-content-style":"unboxed","site-sidebar-style":"unboxed","ast-global-header-display":"","ast-banner-title-visibility":"","ast-main-header-display":"","ast-hfb-above-header-display":"","ast-hfb-below-header-display":"","ast-hfb-mobile-header-display":"","site-post-title":"disabled","ast-breadcrumbs-content":"","ast-featured-img":"","footer-sml-layout":"","theme-transparent-header-meta":"enabled","adv-header-id-meta":"","stick-header-meta":"","header-above-stick-meta":"","header-main-stick-meta":"","header-below-stick-meta":"","astra-migrate-meta-layouts":"set","footnotes":""},"uagb_featured_image_src":{"full":false,"thumbnail":false,"medium":false,"medium_large":false,"large":false,"1536x1536":false,"2048x2048":false},"uagb_author_info":{"display_name":"danydynamo.com","author_link":"https:\/\/danydynamo.com\/index.php\/author\/danydynamo-com\/"},"uagb_comment_info":0,"uagb_excerpt":"Despega tu marcaa trav\u00e9s de ilustraciones y animaciones potentes","_links":{"self":[{"href":"https:\/\/danydynamo.com\/index.php\/wp-json\/wp\/v2\/pages\/2918"}],"collection":[{"href":"https:\/\/danydynamo.com\/index.php\/wp-json\/wp\/v2\/pages"}],"about":[{"href":"https:\/\/danydynamo.com\/index.php\/wp-json\/wp\/v2\/types\/page"}],"author":[{"embeddable":true,"href":"https:\/\/danydynamo.com\/index.php\/wp-json\/wp\/v2\/users\/1"}],"replies":[{"embeddable":true,"href":"https:\/\/danydynamo.com\/index.php\/wp-json\/wp\/v2\/comments?post=2918"}],"version-history":[{"count":424,"href":"https:\/\/danydynamo.com\/index.php\/wp-json\/wp\/v2\/pages\/2918\/revisions"}],"predecessor-version":[{"id":4898,"href":"https:\/\/danydynamo.com\/index.php\/wp-json\/wp\/v2\/pages\/2918\/revisions\/4898"}],"wp:attachment":[{"href":"https:\/\/danydynamo.com\/index.php\/wp-json\/wp\/v2\/media?parent=2918"}],"curies":[{"name":"wp","href":"https:\/\/api.w.org\/{rel}","templated":true}]}}