{"id":3283,"date":"2023-10-13T13:49:00","date_gmt":"2023-10-13T19:49:00","guid":{"rendered":"https:\/\/danydynamo.com\/?page_id=3283"},"modified":"2023-11-27T23:10:25","modified_gmt":"2023-11-28T05:10:25","slug":"contacto","status":"publish","type":"page","link":"https:\/\/danydynamo.com\/index.php\/contacto\/","title":{"rendered":"Contacto"},"content":{"rendered":"\n<div class=\"wp-block-columns has-background is-layout-flex wp-container-2 wp-block-columns-is-layout-flex\" style=\"background-color:#2c416f;margin-top:0;margin-bottom:0;padding-top:0;padding-right:0;padding-bottom:0;padding-left:0\">\n<div class=\"wp-block-column is-layout-flow wp-container-1 wp-block-column-is-layout-flow\" style=\"padding-top:0;padding-bottom:0\"><\/div>\n<\/div>\n\n\n\n<div class=\"wp-block-group alignwide has-background is-layout-constrained wp-container-3 wp-block-group-is-layout-constrained\" style=\"background-color:#2c416f;min-height:0px;margin-top:0;margin-bottom:0;padding-top:var(--wp--preset--spacing--80);padding-bottom:var(--wp--preset--spacing--30)\">\n<div class=\"wp-block-uagb-slider uagb-block-6e6887e6 uagb-slider-container\"><div class=\"uagb-slides uagb-swiper\"><div class=\"swiper-wrapper\">\n<div class=\"wp-block-uagb-slider-child uagb-slider-child-wrap swiper-slide uagb-block-bf86218c\"><div class=\"swiper-content\">\n<div class=\"wp-block-uagb-info-box uagb-block-85cb1e04 uagb-infobox__content-wrap  uagb-infobox-icon-above-title uagb-infobox-image-valign-top\"><div class=\"uagb-ifb-content\"><div class=\"uagb-ifb-title-wrap\"><h3 class=\"uagb-ifb-title\"><strong>Llevamos<br>las herramientas<\/strong><br>listas para el despegue<br><\/h3><\/div><p class=\"uagb-ifb-desc\"><br><\/p><\/div><\/div>\n<\/div><\/div>\n<\/div><\/div><\/div>\n<\/div>\n\n\n\n<div class=\"wp-block-uagb-container uagb-block-c8a01c6e alignfull uagb-is-root-container\"><div class=\"uagb-container-inner-blocks-wrap\">\n<div class=\"wp-block-uagb-container uagb-block-d2a76066\">\n<div class=\"wp-block-uagb-info-box uagb-block-904455ed uagb-infobox__content-wrap  uagb-infobox-icon-above-title uagb-infobox-image-valign-top\"><div class=\"uagb-ifb-content\"><div class=\"uagb-ifb-title-wrap\"><h2 class=\"uagb-ifb-title\"><strong>Cu\u00e9ntame<\/strong> <br>de tu proyecto<\/h2><\/div><p class=\"uagb-ifb-desc\">Iniciemos juntos un viaje para descubrir nuevas ideas y conceptos que nos permitan contar una gran historia.<br>Cu\u00e9ntame acerca de tu proyecto y echemos andar la imaginaci\u00f3n que nos lleve hacia una misi\u00f3n exitosa. <\/p><\/div><\/div>\n<\/div>\n\n\n\n<div class=\"wp-block-uagb-forms uagb-forms__outer-wrap uagb-block-1419ef32 uagb-forms__medium-btn\"><form class=\"uagb-forms-main-form\" method=\"post\" autocomplete=\"on\" name=\"uagb-form-1419ef32\">\n<div class=\"wp-block-uagb-forms-name uagb-forms-name-wrap uagb-forms-field-set uagb-block-5d659954\"><div class=\"uagb-forms-name-label required uagb-forms-input-label\" id=\"5d659954\">Nombre<\/div><input type=\"text\" placeholder=\"Juan\" required class=\"uagb-forms-name-input uagb-forms-input\" name=\"5d659954\" autocomplete=\"given-name\"\/><\/div>\n\n\n\n<div class=\"wp-block-uagb-forms-name uagb-forms-name-wrap uagb-forms-field-set uagb-block-973a5a68\"><div class=\"uagb-forms-name-label required uagb-forms-input-label\" id=\"973a5a68\">Apellidos<\/div><input type=\"text\" placeholder=\"P\u00e9rez\" required class=\"uagb-forms-name-input uagb-forms-input\" name=\"973a5a68\" autocomplete=\"family-name\"\/><\/div>\n\n\n\n<div class=\"wp-block-uagb-forms-email uagb-forms-email-wrap uagb-forms-field-set uagb-block-da66dd7e\"><div class=\"uagb-forms-email-label  uagb-forms-input-label\" id=\"da66dd7e\">Correo electr\u00f3nico<\/div><input type=\"email\" class=\"uagb-forms-email-input uagb-forms-input\" placeholder=\"ejemplo@correo.com\" name=\"da66dd7e\" autocomplete=\"email\"\/><\/div>\n\n\n\n<div class=\"wp-block-uagb-forms-textarea uagb-forms-textarea-wrap uagb-forms-field-set uagb-block-cfac9d49\"><div class=\"uagb-forms-textarea-label required uagb-forms-input-label\" id=\"cfac9d49\">Mensaje<\/div><textarea required class=\"uagb-forms-textarea-input uagb-forms-input\" rows=\"4\" placeholder=\"Introduce tu mensaje\" name=\"cfac9d49\" autocomplete=\"off\"><\/textarea><\/div>\n<div class=\"uagb-forms-form-hidden-data\"><input type=\"hidden\" class=\"uagb_forms_form_label\" value=\"Spectra Form\"\/><input type=\"hidden\" class=\"uagb_forms_form_id\" value=\"uagb-form-1419ef32\"\/><\/div><div class=\"uagb-form-reacaptcha-error-1419ef32\"><\/div><div class=\"uagb-forms-main-submit-button-wrap wp-block-button\"><button class=\"uagb-forms-main-submit-button wp-block-button__link\"><div class=\"uagb-forms-main-submit-button-text\">Enviar<\/div><\/button><\/div><\/form><div class=\"uagb-forms-success-message-1419ef32 uagb-forms-submit-message-hide\"><span>Tu mensaje ha sido enviado exitosamente.<\/span><\/div><div class=\"uagb-forms-failed-message-1419ef32 uagb-forms-submit-message-hide\"><span>Ha habido un error al enviar el formulario. Vuelve a verificar todos los campos.<\/span><\/div><\/div>\n<\/div><\/div>\n","protected":false},"excerpt":{"rendered":"","protected":false},"author":1,"featured_media":0,"parent":0,"menu_order":0,"comment_status":"closed","ping_status":"closed","template":"","meta":{"_uag_custom_page_level_css":"","site-sidebar-layout":"default","site-content-layout":"page-builder","ast-site-content-layout":"full-width-container","site-content-style":"unboxed","site-sidebar-style":"unboxed","ast-global-header-display":"","ast-banner-title-visibility":"","ast-main-header-display":"","ast-hfb-above-header-display":"","ast-hfb-below-header-display":"","ast-hfb-mobile-header-display":"","site-post-title":"disabled","ast-breadcrumbs-content":"","ast-featured-img":"","footer-sml-layout":"","theme-transparent-header-meta":"enabled","adv-header-id-meta":"","stick-header-meta":"","header-above-stick-meta":"","header-main-stick-meta":"","header-below-stick-meta":"","astra-migrate-meta-layouts":"set","footnotes":""},"uagb_featured_image_src":{"full":false,"thumbnail":false,"medium":false,"medium_large":false,"large":false,"1536x1536":false,"2048x2048":false},"uagb_author_info":{"display_name":"danydynamo.com","author_link":"https:\/\/danydynamo.com\/index.php\/author\/danydynamo-com\/"},"uagb_comment_info":0,"uagb_excerpt":null,"_links":{"self":[{"href":"https:\/\/danydynamo.com\/index.php\/wp-json\/wp\/v2\/pages\/3283"}],"collection":[{"href":"https:\/\/danydynamo.com\/index.php\/wp-json\/wp\/v2\/pages"}],"about":[{"href":"https:\/\/danydynamo.com\/index.php\/wp-json\/wp\/v2\/types\/page"}],"author":[{"embeddable":true,"href":"https:\/\/danydynamo.com\/index.php\/wp-json\/wp\/v2\/users\/1"}],"replies":[{"embeddable":true,"href":"https:\/\/danydynamo.com\/index.php\/wp-json\/wp\/v2\/comments?post=3283"}],"version-history":[{"count":44,"href":"https:\/\/danydynamo.com\/index.php\/wp-json\/wp\/v2\/pages\/3283\/revisions"}],"predecessor-version":[{"id":4826,"href":"https:\/\/danydynamo.com\/index.php\/wp-json\/wp\/v2\/pages\/3283\/revisions\/4826"}],"wp:attachment":[{"href":"https:\/\/danydynamo.com\/index.php\/wp-json\/wp\/v2\/media?parent=3283"}],"curies":[{"name":"wp","href":"https:\/\/api.w.org\/{rel}","templated":true}]}}