{"id":78,"date":"2022-10-17T07:03:13","date_gmt":"2022-10-17T07:03:13","guid":{"rendered":"https:\/\/danydynamo.com\/index.php\/home\/"},"modified":"2024-04-20T14:55:29","modified_gmt":"2024-04-20T20:55:29","slug":"home","status":"publish","type":"page","link":"https:\/\/danydynamo.com\/","title":{"rendered":"Home"},"content":{"rendered":"\n<div class=\"wp-block-columns has-background is-layout-flex wp-container-2 wp-block-columns-is-layout-flex\" style=\"background-color:#2c416f;margin-top:0;margin-bottom:0;padding-top:0;padding-right:0;padding-bottom:0;padding-left:0\">\n<div class=\"wp-block-column is-layout-flow wp-container-1 wp-block-column-is-layout-flow\" style=\"padding-top:0;padding-bottom:0\"><\/div>\n<\/div>\n\n\n\n<div class=\"wp-block-group alignwide has-background is-layout-constrained wp-container-3 wp-block-group-is-layout-constrained\" style=\"background-color:#2c416f;min-height:0px;margin-top:0;margin-bottom:0;padding-top:var(--wp--preset--spacing--80);padding-bottom:0\">\n<div class=\"wp-block-uagb-slider uagb-block-1afc6c7c uagb-slider-container\"><div class=\"uagb-slides uagb-swiper\"><div class=\"swiper-wrapper\">\n<div class=\"wp-block-uagb-slider-child uagb-slider-child-wrap swiper-slide uagb-block-4c17a276\"><div class=\"swiper-content\">\n<div class=\"wp-block-uagb-info-box uagb-block-85cb1e04 uagb-infobox__content-wrap  uagb-infobox-icon-above-title uagb-infobox-image-valign-top\"><div class=\"uagb-ifb-content\"><div class=\"uagb-ifb-title-wrap\"><h3 class=\"uagb-ifb-title\"><strong><mark style=\"background-color:rgba(0, 0, 0, 0);color:#f07045\" class=\"has-inline-color\">Creando historias<\/mark> <\/strong><br>a trav\u00e9s del dise\u00f1o, <br>y la ilustraci\u00f3n 3D.<br><\/h3><\/div><p class=\"uagb-ifb-desc\"><br><\/p><\/div><\/div>\n<\/div><\/div>\n<\/div><\/div><\/div>\n<\/div>\n\n\n\n<div class=\"wp-block-uagb-container uagb-block-af490483 alignwide uagb-is-root-container\">\n<div class=\"wp-block-uagb-info-box uagb-block-5d8c39b7 uagb-infobox__content-wrap  uagb-infobox-icon-above-title uagb-infobox-image-valign-top\"><div class=\"uagb-ifb-content\"><div class=\"uagb-ifb-image-content\"><img decoding=\"async\" src=\"http:\/\/danydynamo.com\/wp-content\/uploads\/2023\/09\/imagotipo_Mesa-de-trabajo-1-1-150x150.png\" alt=\"\" width=\"40\" height=\"40\" loading=\"lazy\"\/><\/div><div class=\"uagb-ifb-title-wrap\"><h3 class=\"uagb-ifb-title\">\u00a1Hola viajeros!<strong> <br>Soy Dany Dynamo:<\/strong> <strong><br><\/strong>Dise\u00f1ador e ilustrador 3D<\/h3><\/div><p class=\"uagb-ifb-desc\">Tengo una misi\u00f3n espacial, ayudarte a encontrar soluciones gr\u00e1ficas para despegar tu proyecto, haciendo uso de ilustraciones y animaciones que eleven la comunicaci\u00f3n visual de tu producto o servicio convirti\u00e9ndolo en una <strong>publicidad exitosa<\/strong>.<br><br><\/p><\/div><\/div>\n<\/div>\n\n\n\n<div class=\"wp-block-group has-background is-layout-constrained wp-block-group-is-layout-constrained\" style=\"background-color:#f07045;padding-top:var(--wp--preset--spacing--60);padding-bottom:var(--wp--preset--spacing--40)\">\n<div class=\"wp-block-group is-layout-constrained wp-block-group-is-layout-constrained\">\n<div class=\"wp-block-uagb-advanced-heading uagb-block-82cb01f6\"><h2 class=\"uagb-heading-text\"><strong>Herramientas<\/strong> <br>para despegar <br>tu proyecto<\/h2><\/div>\n<\/div>\n\n\n\n<div class=\"wp-block-columns is-layout-flex wp-container-8 wp-block-columns-is-layout-flex\">\n<div class=\"wp-block-column is-layout-flow wp-block-column-is-layout-flow\" style=\"flex-basis:10%\"><\/div>\n\n\n\n<div class=\"wp-block-column is-layout-flow wp-block-column-is-layout-flow\" style=\"flex-basis:80%\">\n<div class=\"wp-block-uagb-container uagb-block-7b054d8e alignfull uagb-is-root-container\"><div class=\"uagb-container-inner-blocks-wrap\">\n<div class=\"wp-block-uagb-container uagb-block-d5c6c3b5\">\n<div class=\"wp-block-uagb-info-box uagb-block-8d4266d1 uagb-infobox__content-wrap  uagb-infobox-icon-above-title uagb-infobox-image-valign-top\"><div class=\"uagb-ifb-content\"><div class=\"uagb-ifb-image-content\"><img decoding=\"async\" src=\"http:\/\/danydynamo.com\/wp-content\/uploads\/2024\/03\/icono-astronauta-web.gif\" alt=\"\" width=\"50\" height=\"50\" loading=\"lazy\"\/><\/div><div class=\"uagb-ifb-title-wrap\"><h4 class=\"uagb-ifb-title\">Ilustraci\u00f3n y creaci\u00f3n<br>de personajes<\/h4><\/div><p class=\"uagb-ifb-desc\">Creaci\u00f3n de personajes con estilo y car\u00e1cter propio que den vida a una historia que conecte con tu proyecto.<\/p><div class=\"uagb-ifb-button-wrapper wp-block-button\"><a href=\"https:\/\/danydynamo.com\/index.php\/servicios\/\" class=\"uagb-infobox-cta-link wp-block-button__link\" target=\"_self\" rel=\"noopener noreferrer\" onclick=\"return true;\" alt=\"\"><span class=\"uagb-inline-editing\">Leer m\u00e1s<\/span><\/a><\/div><\/div><\/div>\n<\/div>\n\n\n\n<div class=\"wp-block-uagb-container uagb-block-93d09dff\">\n<div class=\"wp-block-uagb-info-box uagb-block-26a5dabe uagb-infobox__content-wrap  uagb-infobox-icon-above-title uagb-infobox-image-valign-top\"><div class=\"uagb-ifb-content\"><div class=\"uagb-ifb-image-content\"><img decoding=\"async\" src=\"http:\/\/danydynamo.com\/wp-content\/uploads\/2024\/03\/icono-rayo.gif\" alt=\"\" width=\"50\" height=\"50\" loading=\"lazy\"\/><\/div><div class=\"uagb-ifb-title-wrap\"><h4 class=\"uagb-ifb-title\">Gr\u00e1ficos animados<br>para contenido<br>digital<\/h4><\/div><p class=\"uagb-ifb-desc\">La animaci\u00f3n de gr\u00e1ficos se convierte en una de las herramientas m\u00e1s potentes<br>para trasmitir tu mensaje.<\/p><div class=\"uagb-ifb-button-wrapper wp-block-button\"><a href=\"https:\/\/danydynamo.com\/index.php\/servicios\/\" class=\"uagb-infobox-cta-link wp-block-button__link\" target=\"_self\" rel=\"noopener noreferrer\" onclick=\"return true;\" alt=\"\"><span class=\"uagb-inline-editing\">Leer m\u00e1s<\/span><\/a><\/div><\/div><\/div>\n<\/div>\n\n\n\n<div class=\"wp-block-uagb-container uagb-block-d0de5011\">\n<div class=\"wp-block-uagb-info-box uagb-block-d9f7b5eb uagb-infobox__content-wrap  uagb-infobox-icon-above-title uagb-infobox-image-valign-top\"><div class=\"uagb-ifb-content\"><div class=\"uagb-ifb-image-content\"><img decoding=\"async\" src=\"http:\/\/danydynamo.com\/wp-content\/uploads\/2024\/03\/icono-3d.gif\" alt=\"\" width=\"50\" height=\"50\" loading=\"lazy\"\/><\/div><div class=\"uagb-ifb-title-wrap\"><h4 class=\"uagb-ifb-title\">Representaci\u00f3n<br>visual de producto<br>en 3D<\/h4><\/div><p class=\"uagb-ifb-desc\">A trav\u00e9s de herramientas 3D se puede representar un producto de manera realista y de gran impacto visual.<\/p><div class=\"uagb-ifb-button-wrapper wp-block-button\"><a href=\"https:\/\/danydynamo.com\/index.php\/servicios\/\" class=\"uagb-infobox-cta-link wp-block-button__link\" target=\"_self\" rel=\"noopener noreferrer\" onclick=\"return true;\" alt=\"\"><span class=\"uagb-inline-editing\">Leer m\u00e1s<\/span><\/a><\/div><\/div><\/div>\n<\/div>\n<\/div><\/div>\n<\/div>\n\n\n\n<div class=\"wp-block-column is-layout-flow wp-block-column-is-layout-flow\" style=\"flex-basis:10%\"><\/div>\n<\/div>\n<\/div>\n\n\n\n<div class=\"wp-block-cover alignfull is-light has-custom-content-position is-position-top-center\" style=\"padding-top:0;padding-bottom:0;min-height:1174px\"><span aria-hidden=\"true\" class=\"wp-block-cover__background has-background-dim-0 has-background-dim\"><\/span><img decoding=\"async\" loading=\"lazy\" width=\"2560\" height=\"2536\" class=\"wp-block-cover__image-background wp-image-4839\" alt=\"\" src=\"https:\/\/danydynamo.com\/wp-content\/uploads\/2024\/03\/watch-2.jpg\" style=\"object-position:50% 50%\" data-object-fit=\"cover\" data-object-position=\"50% 50%\" srcset=\"https:\/\/danydynamo.com\/wp-content\/uploads\/2024\/03\/watch-2.jpg 2560w, https:\/\/danydynamo.com\/wp-content\/uploads\/2024\/03\/watch-2-300x297.jpg 300w, https:\/\/danydynamo.com\/wp-content\/uploads\/2024\/03\/watch-2-1024x1014.jpg 1024w, https:\/\/danydynamo.com\/wp-content\/uploads\/2024\/03\/watch-2-150x150.jpg 150w, https:\/\/danydynamo.com\/wp-content\/uploads\/2024\/03\/watch-2-768x761.jpg 768w, https:\/\/danydynamo.com\/wp-content\/uploads\/2024\/03\/watch-2-1536x1522.jpg 1536w, https:\/\/danydynamo.com\/wp-content\/uploads\/2024\/03\/watch-2-2048x2029.jpg 2048w\" sizes=\"(max-width: 2560px) 100vw, 2560px\" \/><div class=\"wp-block-cover__inner-container is-layout-flow wp-block-cover-is-layout-flow\">\n<p class=\"has-text-align-center has-ast-global-color-5-color has-text-color\" style=\"font-size:24px\"><\/p>\n\n\n\n<p><\/p>\n\n\n\n<div class=\"wp-block-uagb-advanced-heading uagb-block-a09adca1\"><h2 class=\"uagb-heading-text\"><strong>Visualiza tu producto<\/strong> <br>de manera realista<br>con herramientas 3D<\/h2><\/div>\n<\/div><\/div>\n\n\n\n<div class=\"wp-block-group alignwide has-background is-layout-constrained wp-block-group-is-layout-constrained\" style=\"background-color:#dedcd5;margin-top:0;margin-bottom:0;padding-top:var(--wp--preset--spacing--20);padding-bottom:var(--wp--preset--spacing--20)\">\n<div class=\"wp-block-uagb-advanced-heading uagb-block-cb16f9bd\"><h2 class=\"uagb-heading-text\"><strong>Ilustraci\u00f3n <\/strong><br>de personajes<strong> <\/strong><\/h2><\/div>\n\n\n\n<div class=\"wp-block-uagb-container uagb-block-2b00b72a alignfull uagb-is-root-container\">\n<div class=\"wp-block-uagb-slider uagb-block-9c3d3b9d uagb-slider-container\"><div class=\"uagb-slides uagb-swiper\"><div class=\"swiper-wrapper\">\n<div class=\"wp-block-uagb-slider-child uagb-slider-child-wrap swiper-slide uagb-block-e2ac9be5\"><div class=\"swiper-content\">\n<div class=\"wp-block-uagb-container uagb-block-54094c18\"><\/div>\n<\/div><\/div>\n\n\n\n<div class=\"wp-block-uagb-slider-child uagb-slider-child-wrap swiper-slide uagb-block-4b345235\"><div class=\"swiper-content\">\n<div class=\"wp-block-uagb-container uagb-block-1f7ee2bf\"><\/div>\n<\/div><\/div>\n\n\n\n<div class=\"wp-block-uagb-slider-child uagb-slider-child-wrap swiper-slide uagb-block-9c14e2f3\"><div class=\"swiper-content\">\n<div class=\"wp-block-uagb-container uagb-block-18f74196\"><\/div>\n<\/div><\/div>\n\n\n\n<div class=\"wp-block-uagb-slider-child uagb-slider-child-wrap swiper-slide uagb-block-c1187629\"><div class=\"swiper-content\">\n<div class=\"wp-block-uagb-container uagb-block-0ac4cdfc\"><\/div>\n<\/div><\/div>\n<\/div><\/div><div class=\"swiper-pagination\"><\/div><div class=\"swiper-button-prev\"><\/div><div class=\"swiper-button-next\"><\/div><\/div>\n<\/div>\n\n\n\n<div class=\"wp-block-uagb-buttons uagb-buttons__outer-wrap uagb-btn__default-btn uagb-btn-tablet__default-btn uagb-btn-mobile__default-btn uagb-block-d92d35bc\"><div class=\"uagb-buttons__wrap uagb-buttons-layout-wrap\">\n<div class=\"wp-block-uagb-buttons-child uagb-buttons__outer-wrap uagb-block-7174b7a6 wp-block-button\"><div class=\"uagb-button__wrapper\"><a class=\"uagb-buttons-repeater wp-block-button__link\" href=\"https:\/\/danydynamo.com\/index.php\/portafolio\/\" onclick=\"return true;\" rel=\"follow noopener\" target=\"_self\"><div class=\"uagb-button__link\">Portafolio<\/div><\/a><\/div><\/div>\n<\/div><\/div>\n<\/div>\n\n\n\n<div class=\"wp-block-uagb-container uagb-block-d2a76066 alignfull uagb-is-root-container\"><div class=\"uagb-container-inner-blocks-wrap\">\n<div class=\"wp-block-uagb-info-box uagb-block-904455ed uagb-infobox__content-wrap  uagb-infobox-icon-above-title uagb-infobox-image-valign-top\"><div class=\"uagb-ifb-content\"><div class=\"uagb-ifb-title-wrap\"><h2 class=\"uagb-ifb-title\"><strong>Dale identidad a tu marca<\/strong> <br>a trav\u00e9s de ilustraciones <br>que sumen valor<\/h2><\/div><p class=\"uagb-ifb-desc\">Analizar las necesidades y alcances de un proyecto se convierte en el punto de partida para definir una estrategia correcta de comunicaci\u00f3n.<br><br>Dale identidad a tu marca mediante el uso de ilustraciones que sumen valor.<br><\/p><div class=\"uagb-ifb-button-wrapper wp-block-button\"><a href=\"https:\/\/danydynamo.com\/index.php\/contacto\/\" class=\"uagb-infobox-cta-link wp-block-button__link\" target=\"_self\" rel=\"noopener noreferrer\" onclick=\"return true;\" alt=\"\"><span class=\"uagb-inline-editing\">Cu\u00e9ntame de tu proyecto<\/span><\/a><\/div><\/div><\/div>\n<\/div><\/div>\n","protected":false},"excerpt":{"rendered":"<p>Herramientas para despegar tu proyecto Ilustraci\u00f3n de personajes<\/p>\n","protected":false},"author":1,"featured_media":0,"parent":0,"menu_order":0,"comment_status":"closed","ping_status":"closed","template":"","meta":{"_uag_custom_page_level_css":"","site-sidebar-layout":"default","site-content-layout":"page-builder","ast-site-content-layout":"full-width-container","site-content-style":"unboxed","site-sidebar-style":"unboxed","ast-global-header-display":"","ast-banner-title-visibility":"","ast-main-header-display":"","ast-hfb-above-header-display":"","ast-hfb-below-header-display":"","ast-hfb-mobile-header-display":"","site-post-title":"disabled","ast-breadcrumbs-content":"","ast-featured-img":"","footer-sml-layout":"","theme-transparent-header-meta":"enabled","adv-header-id-meta":"","stick-header-meta":"","header-above-stick-meta":"","header-main-stick-meta":"","header-below-stick-meta":"","astra-migrate-meta-layouts":"set","footnotes":""},"uagb_featured_image_src":{"full":false,"thumbnail":false,"medium":false,"medium_large":false,"large":false,"1536x1536":false,"2048x2048":false},"uagb_author_info":{"display_name":"danydynamo.com","author_link":"https:\/\/danydynamo.com\/index.php\/author\/danydynamo-com\/"},"uagb_comment_info":0,"uagb_excerpt":"Herramientas para despegar tu proyecto Ilustraci\u00f3n de personajes","_links":{"self":[{"href":"https:\/\/danydynamo.com\/index.php\/wp-json\/wp\/v2\/pages\/78"}],"collection":[{"href":"https:\/\/danydynamo.com\/index.php\/wp-json\/wp\/v2\/pages"}],"about":[{"href":"https:\/\/danydynamo.com\/index.php\/wp-json\/wp\/v2\/types\/page"}],"author":[{"embeddable":true,"href":"https:\/\/danydynamo.com\/index.php\/wp-json\/wp\/v2\/users\/1"}],"replies":[{"embeddable":true,"href":"https:\/\/danydynamo.com\/index.php\/wp-json\/wp\/v2\/comments?post=78"}],"version-history":[{"count":630,"href":"https:\/\/danydynamo.com\/index.php\/wp-json\/wp\/v2\/pages\/78\/revisions"}],"predecessor-version":[{"id":4945,"href":"https:\/\/danydynamo.com\/index.php\/wp-json\/wp\/v2\/pages\/78\/revisions\/4945"}],"wp:attachment":[{"href":"https:\/\/danydynamo.com\/index.php\/wp-json\/wp\/v2\/media?parent=78"}],"curies":[{"name":"wp","href":"https:\/\/api.w.org\/{rel}","templated":true}]}}